{"id":469,"date":"2022-08-02T14:07:51","date_gmt":"2022-08-02T14:07:51","guid":{"rendered":"https:\/\/www.sobrightandbold.com\/who-we-are\/"},"modified":"2022-08-26T15:50:54","modified_gmt":"2022-08-26T15:50:54","slug":"a-propos","status":"publish","type":"page","link":"https:\/\/www.sobrightandbold.com\/en\/a-propos\/","title":{"rendered":"About Us"},"content":{"rendered":"<div data-elementor-type=\"wp-page\" data-elementor-id=\"469\" class=\"elementor elementor-469\" data-elementor-post-type=\"page\">\n\t\t\t\t\t\t<section class=\"elementor-section elementor-top-section elementor-element elementor-element-69c229ee elementor-section-full_width elementor-section-height-min-height elementor-section-height-default elementor-section-items-middle\" data-id=\"69c229ee\" data-element_type=\"section\" data-e-type=\"section\" data-settings=\"{&quot;background_background&quot;:&quot;classic&quot;}\">\n\t\t\t\t\t\t\t<div class=\"elementor-background-overlay\"><\/div>\n\t\t\t\t\t\t\t<div class=\"elementor-container elementor-column-gap-default\">\n\t\t\t\t\t<div class=\"elementor-column elementor-col-100 elementor-top-column elementor-element elementor-element-e1abcad\" data-id=\"e1abcad\" data-element_type=\"column\" data-e-type=\"column\">\n\t\t\t<div class=\"elementor-widget-wrap elementor-element-populated\">\n\t\t\t\t\t\t<div class=\"elementor-element elementor-element-403ade66 elementor-widget elementor-widget-heading\" data-id=\"403ade66\" data-element_type=\"widget\" data-e-type=\"widget\" data-widget_type=\"heading.default\">\n\t\t\t\t<div class=\"elementor-widget-container\">\n\t\t\t\t\t<h1 class=\"elementor-heading-title elementor-size-default\">Don\u2019t be shy, <br> be bright and bold !<\/h1>\t\t\t\t<\/div>\n\t\t\t\t<\/div>\n\t\t\t\t<div class=\"elementor-element elementor-element-512faceb elementor-view-default elementor-invisible elementor-widget elementor-widget-icon\" data-id=\"512faceb\" data-element_type=\"widget\" data-e-type=\"widget\" data-settings=\"{&quot;_animation&quot;:&quot;fadeInDown&quot;}\" data-widget_type=\"icon.default\">\n\t\t\t\t<div class=\"elementor-widget-container\">\n\t\t\t\t\t\t\t<div class=\"elementor-icon-wrapper\">\n\t\t\t<a class=\"elementor-icon\" href=\"#history\">\n\t\t\t<svg xmlns=\"http:\/\/www.w3.org\/2000\/svg\" id=\"f091b371-0a0c-4a7a-b831-d1a750619811\" data-name=\"Layer 1\" viewbox=\"0 0 24.9999 32\"><title>scroll-down-icon<\/title><g id=\"a2db11b3-5623-466b-a28d-fa1595a1ff7d\" data-name=\"Home-Page-\"><g id=\"a060ad71-be4b-4462-8469-bf6bb42ed1bf\" data-name=\"Hero\"><path d=\"M24.8505,18.7959a.5.5,0,0,0-.707.0059L12.871,30.2773V.5a.5.5,0,0,0-1,0V30.2588L.86,18.8057A.5.5,0,1,0,.14,19.499L12.0087,31.8447l.0078.0078.001.001a.5057.5057,0,0,0,.1274.0928h.001l.001.001.0015.0009a.3267.3267,0,0,0,.0415.0176A.5029.5029,0,0,0,12.3573,32h.0288a.4941.4941,0,0,0,.1783-.0391l.02-.0078v-.001h.002l.0014-.0009a.4835.4835,0,0,0,.1358-.0967h0l.0054-.0059L24.8564,19.5029A.5.5,0,0,0,24.8505,18.7959Z\"><\/path><\/g><\/g><\/svg>\t\t\t<\/a>\n\t\t<\/div>\n\t\t\t\t\t\t<\/div>\n\t\t\t\t<\/div>\n\t\t\t\t\t<\/div>\n\t\t<\/div>\n\t\t\t\t\t<\/div>\n\t\t<\/section>\n\t\t\t\t<section class=\"elementor-section elementor-top-section elementor-element elementor-element-2417478f elementor-section-height-min-height elementor-section-boxed elementor-section-height-default elementor-section-items-middle\" data-id=\"2417478f\" data-element_type=\"section\" data-e-type=\"section\" id=\"history\">\n\t\t\t\t\t\t<div class=\"elementor-container elementor-column-gap-default\">\n\t\t\t\t\t<div class=\"elementor-column elementor-col-100 elementor-top-column elementor-element elementor-element-589035a0\" data-id=\"589035a0\" data-element_type=\"column\" data-e-type=\"column\">\n\t\t\t<div class=\"elementor-widget-wrap elementor-element-populated\">\n\t\t\t\t\t\t<div class=\"elementor-element elementor-element-13bf6e1 elementor-widget elementor-widget-heading\" data-id=\"13bf6e1\" data-element_type=\"widget\" data-e-type=\"widget\" data-widget_type=\"heading.default\">\n\t\t\t\t<div class=\"elementor-widget-container\">\n\t\t\t\t\t<h2 class=\"elementor-heading-title elementor-size-default\">About Us<\/h2>\t\t\t\t<\/div>\n\t\t\t\t<\/div>\n\t\t\t\t<div class=\"elementor-element elementor-element-6399e57e elementor-widget elementor-widget-text-editor\" data-id=\"6399e57e\" data-element_type=\"widget\" data-e-type=\"widget\" data-widget_type=\"text-editor.default\">\n\t\t\t\t<div class=\"elementor-widget-container\">\n\t\t\t\t\t\t\t\t\t<p><span style=\"font-weight: 400;\">Because we firmly believe that the agency model as we know it is outdated, we are presenting a new vision for an efficient partnership.<\/span><\/p><p class=\"p1\">\u00a0<\/p><p><span style=\"font-weight: 400;\">A hybrid model that is more in tune with our clients' needs and considerations: the Freegency.<\/span><\/p><p class=\"p1\">\u00a0<\/p><p><span style=\"font-weight: 400;\">Less talk and more action! The Freegency breaks the codes of marketing and communication thanks to its network of experts who provide strategic consulting to innovative companies seeking local or international recognition.<\/span><\/p><p><span style=\"font-weight: 400;\">With a team established worldwide, SB&amp;B supports you from the planning to the launch of your digital campaigns.\u00a0<\/span><\/p><p><span style=\"font-weight: 400;\">Our ambition? Provide you with the tools to convince your prospects and turn them into clients.<\/span><\/p><p class=\"p1\">\u00a0<\/p><p><span style=\"font-weight: 400;\">You are an innovative business, established in a high economic growth region, looking for investors? You have a project to introduce in an emerging market? You set out to conquer new territories, or not? SB&amp;B will back you up.\u00a0<\/span><\/p>\t\t\t\t\t\t\t\t<\/div>\n\t\t\t\t<\/div>\n\t\t\t\t<div class=\"elementor-element elementor-element-cf6dec4 elementor-align-center elementor-widget elementor-widget-button\" data-id=\"cf6dec4\" data-element_type=\"widget\" data-e-type=\"widget\" data-widget_type=\"button.default\">\n\t\t\t\t<div class=\"elementor-widget-container\">\n\t\t\t\t\t\t\t\t\t<div class=\"elementor-button-wrapper\">\n\t\t\t\t\t<a class=\"elementor-button elementor-button-link elementor-size-sm\" href=\"https:\/\/www.sobrightandbold.com\/en\/contact\/\">\n\t\t\t\t\t\t<span class=\"elementor-button-content-wrapper\">\n\t\t\t\t\t\t\t\t\t<span class=\"elementor-button-text\">Contact Us<\/span>\n\t\t\t\t\t<\/span>\n\t\t\t\t\t<\/a>\n\t\t\t\t<\/div>\n\t\t\t\t\t\t\t\t<\/div>\n\t\t\t\t<\/div>\n\t\t\t\t\t<\/div>\n\t\t<\/div>\n\t\t\t\t\t<\/div>\n\t\t<\/section>\n\t\t\t\t<\/div>","protected":false},"excerpt":{"rendered":"<p>Don\u2019t be shy, be bright and bold ! scroll-down-icon A propos Parce que nous sommes persuad\u00e9s que le mod\u00e8le de l\u2019agence tel que nous le connaissons est aujourd\u2019hui obsol\u00e8te, nous vous proposons notre vision pour une collaboration efficace. \u00a0 Un mod\u00e8le hybride au plus pr\u00e8s des besoins et consid\u00e9rations des clients : la Freegency. \u00a0 [&hellip;]<\/p>\n","protected":false},"author":1,"featured_media":0,"parent":0,"menu_order":0,"comment_status":"closed","ping_status":"closed","template":"elementor_header_footer","meta":{"footnotes":""},"class_list":["post-469","page","type-page","status-publish","hentry"],"yoast_head":"<!-- This site is optimized with the Yoast SEO plugin v27.4 - https:\/\/yoast.com\/product\/yoast-seo-wordpress\/ -->\n<title>A propos - So Bright And Bold<\/title>\n<meta name=\"robots\" content=\"index, follow, max-snippet:-1, max-image-preview:large, max-video-preview:-1\" \/>\n<link rel=\"canonical\" href=\"https:\/\/www.sobrightandbold.com\/en\/a-propos\/\" \/>\n<meta property=\"og:locale\" content=\"en_GB\" \/>\n<meta property=\"og:type\" content=\"article\" \/>\n<meta property=\"og:title\" content=\"A propos - So Bright And Bold\" \/>\n<meta property=\"og:description\" content=\"Don\u2019t be shy, be bright and bold ! scroll-down-icon A propos Parce que nous sommes persuad\u00e9s que le mod\u00e8le de l\u2019agence tel que nous le connaissons est aujourd\u2019hui obsol\u00e8te, nous vous proposons notre vision pour une collaboration efficace. \u00a0 Un mod\u00e8le hybride au plus pr\u00e8s des besoins et consid\u00e9rations des clients : la Freegency. \u00a0 [&hellip;]\" \/>\n<meta property=\"og:url\" content=\"https:\/\/www.sobrightandbold.com\/en\/a-propos\/\" \/>\n<meta property=\"og:site_name\" content=\"So Bright And Bold\" \/>\n<meta property=\"article:modified_time\" content=\"2022-08-26T15:50:54+00:00\" \/>\n<meta name=\"twitter:card\" content=\"summary_large_image\" \/>\n<meta name=\"twitter:label1\" content=\"Estimated reading time\" \/>\n\t<meta name=\"twitter:data1\" content=\"1 minute\" \/>\n<script type=\"application\/ld+json\" class=\"yoast-schema-graph\">{\"@context\":\"https:\\\/\\\/schema.org\",\"@graph\":[{\"@type\":\"WebPage\",\"@id\":\"https:\\\/\\\/www.sobrightandbold.com\\\/a-propos\\\/\",\"url\":\"https:\\\/\\\/www.sobrightandbold.com\\\/a-propos\\\/\",\"name\":\"A propos - So Bright And Bold\",\"isPartOf\":{\"@id\":\"https:\\\/\\\/www.sobrightandbold.com\\\/#website\"},\"datePublished\":\"2022-08-02T14:07:51+00:00\",\"dateModified\":\"2022-08-26T15:50:54+00:00\",\"breadcrumb\":{\"@id\":\"https:\\\/\\\/www.sobrightandbold.com\\\/a-propos\\\/#breadcrumb\"},\"inLanguage\":\"en-GB\",\"potentialAction\":[{\"@type\":\"ReadAction\",\"target\":[\"https:\\\/\\\/www.sobrightandbold.com\\\/a-propos\\\/\"]}]},{\"@type\":\"BreadcrumbList\",\"@id\":\"https:\\\/\\\/www.sobrightandbold.com\\\/a-propos\\\/#breadcrumb\",\"itemListElement\":[{\"@type\":\"ListItem\",\"position\":1,\"name\":\"Home\",\"item\":\"https:\\\/\\\/www.sobrightandbold.com\\\/\"},{\"@type\":\"ListItem\",\"position\":2,\"name\":\"A propos\"}]},{\"@type\":\"WebSite\",\"@id\":\"https:\\\/\\\/www.sobrightandbold.com\\\/#website\",\"url\":\"https:\\\/\\\/www.sobrightandbold.com\\\/\",\"name\":\"So Bright And Bold\",\"description\":\"SB&amp;B parle votre langage \\\/ nous parlons votre langage\",\"publisher\":{\"@id\":\"https:\\\/\\\/www.sobrightandbold.com\\\/#organization\"},\"potentialAction\":[{\"@type\":\"SearchAction\",\"target\":{\"@type\":\"EntryPoint\",\"urlTemplate\":\"https:\\\/\\\/www.sobrightandbold.com\\\/?s={search_term_string}\"},\"query-input\":{\"@type\":\"PropertyValueSpecification\",\"valueRequired\":true,\"valueName\":\"search_term_string\"}}],\"inLanguage\":\"en-GB\"},{\"@type\":\"Organization\",\"@id\":\"https:\\\/\\\/www.sobrightandbold.com\\\/#organization\",\"name\":\"So Bright And Bold\",\"url\":\"https:\\\/\\\/www.sobrightandbold.com\\\/\",\"logo\":{\"@type\":\"ImageObject\",\"inLanguage\":\"en-GB\",\"@id\":\"https:\\\/\\\/www.sobrightandbold.com\\\/#\\\/schema\\\/logo\\\/image\\\/\",\"url\":\"https:\\\/\\\/www.sobrightandbold.com\\\/wp-content\\\/uploads\\\/2022\\\/08\\\/SBB_Logo_1400x1155_Blanc_Couleur.png\",\"contentUrl\":\"https:\\\/\\\/www.sobrightandbold.com\\\/wp-content\\\/uploads\\\/2022\\\/08\\\/SBB_Logo_1400x1155_Blanc_Couleur.png\",\"width\":1400,\"height\":1155,\"caption\":\"So Bright And Bold\"},\"image\":{\"@id\":\"https:\\\/\\\/www.sobrightandbold.com\\\/#\\\/schema\\\/logo\\\/image\\\/\"}}]}<\/script>\n<!-- \/ Yoast SEO plugin. -->","yoast_head_json":{"title":"A propos - So Bright And Bold","robots":{"index":"index","follow":"follow","max-snippet":"max-snippet:-1","max-image-preview":"max-image-preview:large","max-video-preview":"max-video-preview:-1"},"canonical":"https:\/\/www.sobrightandbold.com\/en\/a-propos\/","og_locale":"en_GB","og_type":"article","og_title":"A propos - So Bright And Bold","og_description":"Don\u2019t be shy, be bright and bold ! scroll-down-icon A propos Parce que nous sommes persuad\u00e9s que le mod\u00e8le de l\u2019agence tel que nous le connaissons est aujourd\u2019hui obsol\u00e8te, nous vous proposons notre vision pour une collaboration efficace. \u00a0 Un mod\u00e8le hybride au plus pr\u00e8s des besoins et consid\u00e9rations des clients : la Freegency. \u00a0 [&hellip;]","og_url":"https:\/\/www.sobrightandbold.com\/en\/a-propos\/","og_site_name":"So Bright And Bold","article_modified_time":"2022-08-26T15:50:54+00:00","twitter_card":"summary_large_image","twitter_misc":{"Estimated reading time":"1 minute"},"schema":{"@context":"https:\/\/schema.org","@graph":[{"@type":"WebPage","@id":"https:\/\/www.sobrightandbold.com\/a-propos\/","url":"https:\/\/www.sobrightandbold.com\/a-propos\/","name":"A propos - So Bright And Bold","isPartOf":{"@id":"https:\/\/www.sobrightandbold.com\/#website"},"datePublished":"2022-08-02T14:07:51+00:00","dateModified":"2022-08-26T15:50:54+00:00","breadcrumb":{"@id":"https:\/\/www.sobrightandbold.com\/a-propos\/#breadcrumb"},"inLanguage":"en-GB","potentialAction":[{"@type":"ReadAction","target":["https:\/\/www.sobrightandbold.com\/a-propos\/"]}]},{"@type":"BreadcrumbList","@id":"https:\/\/www.sobrightandbold.com\/a-propos\/#breadcrumb","itemListElement":[{"@type":"ListItem","position":1,"name":"Home","item":"https:\/\/www.sobrightandbold.com\/"},{"@type":"ListItem","position":2,"name":"A propos"}]},{"@type":"WebSite","@id":"https:\/\/www.sobrightandbold.com\/#website","url":"https:\/\/www.sobrightandbold.com\/","name":"So Bright And Bold","description":"SB&amp;B parle votre langage \/ nous parlons votre langage","publisher":{"@id":"https:\/\/www.sobrightandbold.com\/#organization"},"potentialAction":[{"@type":"SearchAction","target":{"@type":"EntryPoint","urlTemplate":"https:\/\/www.sobrightandbold.com\/?s={search_term_string}"},"query-input":{"@type":"PropertyValueSpecification","valueRequired":true,"valueName":"search_term_string"}}],"inLanguage":"en-GB"},{"@type":"Organization","@id":"https:\/\/www.sobrightandbold.com\/#organization","name":"So Bright And Bold","url":"https:\/\/www.sobrightandbold.com\/","logo":{"@type":"ImageObject","inLanguage":"en-GB","@id":"https:\/\/www.sobrightandbold.com\/#\/schema\/logo\/image\/","url":"https:\/\/www.sobrightandbold.com\/wp-content\/uploads\/2022\/08\/SBB_Logo_1400x1155_Blanc_Couleur.png","contentUrl":"https:\/\/www.sobrightandbold.com\/wp-content\/uploads\/2022\/08\/SBB_Logo_1400x1155_Blanc_Couleur.png","width":1400,"height":1155,"caption":"So Bright And Bold"},"image":{"@id":"https:\/\/www.sobrightandbold.com\/#\/schema\/logo\/image\/"}}]}},"_links":{"self":[{"href":"https:\/\/www.sobrightandbold.com\/en\/wp-json\/wp\/v2\/pages\/469","targetHints":{"allow":["GET"]}}],"collection":[{"href":"https:\/\/www.sobrightandbold.com\/en\/wp-json\/wp\/v2\/pages"}],"about":[{"href":"https:\/\/www.sobrightandbold.com\/en\/wp-json\/wp\/v2\/types\/page"}],"author":[{"embeddable":true,"href":"https:\/\/www.sobrightandbold.com\/en\/wp-json\/wp\/v2\/users\/1"}],"replies":[{"embeddable":true,"href":"https:\/\/www.sobrightandbold.com\/en\/wp-json\/wp\/v2\/comments?post=469"}],"version-history":[{"count":59,"href":"https:\/\/www.sobrightandbold.com\/en\/wp-json\/wp\/v2\/pages\/469\/revisions"}],"predecessor-version":[{"id":1213,"href":"https:\/\/www.sobrightandbold.com\/en\/wp-json\/wp\/v2\/pages\/469\/revisions\/1213"}],"wp:attachment":[{"href":"https:\/\/www.sobrightandbold.com\/en\/wp-json\/wp\/v2\/media?parent=469"}],"curies":[{"name":"wp","href":"https:\/\/api.w.org\/{rel}","templated":true}]}}