{"id":437,"date":"2022-08-02T14:07:41","date_gmt":"2022-08-02T14:07:41","guid":{"rendered":"https:\/\/www.sobrightandbold.com\/contact-us\/"},"modified":"2022-08-26T15:20:04","modified_gmt":"2022-08-26T15:20:04","slug":"contact","status":"publish","type":"page","link":"https:\/\/www.sobrightandbold.com\/en\/contact\/","title":{"rendered":"Contact"},"content":{"rendered":"\t\t<div data-elementor-type=\"wp-page\" data-elementor-id=\"437\" class=\"elementor elementor-437\" data-elementor-post-type=\"page\">\n\t\t\t\t\t\t<section class=\"elementor-section elementor-top-section elementor-element elementor-element-52a338b6 elementor-section-height-min-height elementor-section-boxed elementor-section-height-default elementor-section-items-middle\" data-id=\"52a338b6\" data-element_type=\"section\" data-e-type=\"section\" data-settings=\"{&quot;background_background&quot;:&quot;classic&quot;,&quot;background_motion_fx_motion_fx_scrolling&quot;:&quot;yes&quot;,&quot;background_motion_fx_scale_effect&quot;:&quot;yes&quot;,&quot;background_motion_fx_scale_speed&quot;:{&quot;unit&quot;:&quot;px&quot;,&quot;size&quot;:&quot;1&quot;,&quot;sizes&quot;:[]},&quot;background_motion_fx_scale_direction&quot;:&quot;out-in&quot;,&quot;background_motion_fx_scale_range&quot;:{&quot;unit&quot;:&quot;%&quot;,&quot;size&quot;:&quot;&quot;,&quot;sizes&quot;:{&quot;start&quot;:20,&quot;end&quot;:80}},&quot;background_motion_fx_devices&quot;:[&quot;desktop&quot;,&quot;tablet&quot;,&quot;mobile&quot;]}\">\n\t\t\t\t\t\t\t<div class=\"elementor-background-overlay\"><\/div>\n\t\t\t\t\t\t\t<div class=\"elementor-container elementor-column-gap-default\">\n\t\t\t\t\t<div class=\"elementor-column elementor-col-100 elementor-top-column elementor-element elementor-element-51852dd7\" data-id=\"51852dd7\" data-element_type=\"column\" data-e-type=\"column\">\n\t\t\t<div class=\"elementor-widget-wrap elementor-element-populated\">\n\t\t\t\t\t\t<div class=\"elementor-element elementor-element-4300beb6 elementor-widget elementor-widget-heading\" data-id=\"4300beb6\" data-element_type=\"widget\" data-e-type=\"widget\" data-widget_type=\"heading.default\">\n\t\t\t\t<div class=\"elementor-widget-container\">\n\t\t\t\t\t<h1 class=\"elementor-heading-title elementor-size-default\">Une question ? Un projet ?\n<\/h1>\t\t\t\t<\/div>\n\t\t\t\t<\/div>\n\t\t\t\t<div class=\"elementor-element elementor-element-1575430a elementor-widget elementor-widget-text-editor\" data-id=\"1575430a\" data-element_type=\"widget\" data-e-type=\"widget\" data-widget_type=\"text-editor.default\">\n\t\t\t\t<div class=\"elementor-widget-container\">\n\t\t\t\t\t\t\t\t\t<p>N\u2019h\u00e9sitez pas \u00e0 prendre contact avec nous.<\/p>\t\t\t\t\t\t\t\t<\/div>\n\t\t\t\t<\/div>\n\t\t\t\t<div class=\"elementor-element elementor-element-fe2278f elementor-widget elementor-widget-text-editor\" data-id=\"fe2278f\" data-element_type=\"widget\" data-e-type=\"widget\" data-widget_type=\"text-editor.default\">\n\t\t\t\t<div class=\"elementor-widget-container\">\n\t\t\t\t\t\t\t\t\t<p style=\"font-weight: 400;\">Si\u00e8ge Social:<\/p><p style=\"font-weight: 400;\">59 rue de Ponthieu<\/p><p style=\"font-weight: 400;\">Bureau 562<\/p><p style=\"font-weight: 400;\">Paris 75008<\/p>\t\t\t\t\t\t\t\t<\/div>\n\t\t\t\t<\/div>\n\t\t\t\t<div class=\"elementor-element elementor-element-a48a0bc elementor-align-center elementor-widget elementor-widget-button\" data-id=\"a48a0bc\" data-element_type=\"widget\" data-e-type=\"widget\" data-widget_type=\"button.default\">\n\t\t\t\t<div class=\"elementor-widget-container\">\n\t\t\t\t\t\t\t\t\t<div class=\"elementor-button-wrapper\">\n\t\t\t\t\t<a class=\"elementor-button elementor-button-link elementor-size-sm\" href=\"#elementor-action%3Aaction%3Dpopup%3Aopen%26settings%3DeyJpZCI6Ijg2MSIsInRvZ2dsZSI6ZmFsc2V9\">\n\t\t\t\t\t\t<span class=\"elementor-button-content-wrapper\">\n\t\t\t\t\t\t\t\t\t<span class=\"elementor-button-text\">C'est par ici !<\/span>\n\t\t\t\t\t<\/span>\n\t\t\t\t\t<\/a>\n\t\t\t\t<\/div>\n\t\t\t\t\t\t\t\t<\/div>\n\t\t\t\t<\/div>\n\t\t\t\t\t<\/div>\n\t\t<\/div>\n\t\t\t\t\t<\/div>\n\t\t<\/section>\n\t\t\t\t<\/div>\n\t\t","protected":false},"excerpt":{"rendered":"<p>Une question ? Un projet ? N\u2019h\u00e9sitez pas \u00e0 prendre contact avec nous. Si\u00e8ge Social: 59 rue de Ponthieu Bureau 562 Paris 75008 C&rsquo;est par ici !<\/p>","protected":false},"author":1,"featured_media":442,"parent":0,"menu_order":0,"comment_status":"closed","ping_status":"closed","template":"elementor_header_footer","meta":{"footnotes":""},"class_list":["post-437","page","type-page","status-publish","has-post-thumbnail","hentry"],"yoast_head":"<!-- This site is optimized with the Yoast SEO plugin v27.4 - https:\/\/yoast.com\/product\/yoast-seo-wordpress\/ -->\n<title>Contact - So Bright And Bold<\/title>\n<meta name=\"robots\" content=\"index, follow, max-snippet:-1, max-image-preview:large, max-video-preview:-1\" \/>\n<link rel=\"canonical\" href=\"https:\/\/www.sobrightandbold.com\/en\/contact\/\" \/>\n<meta property=\"og:locale\" content=\"en_GB\" \/>\n<meta property=\"og:type\" content=\"article\" \/>\n<meta property=\"og:title\" content=\"Contact - So Bright And Bold\" \/>\n<meta property=\"og:description\" content=\"Une question ? Un projet ? N\u2019h\u00e9sitez pas \u00e0 prendre contact avec nous. Si\u00e8ge Social: 59 rue de Ponthieu Bureau 562 Paris 75008 C&rsquo;est par ici !\" \/>\n<meta property=\"og:url\" content=\"https:\/\/www.sobrightandbold.com\/en\/contact\/\" \/>\n<meta property=\"og:site_name\" content=\"So Bright And Bold\" \/>\n<meta property=\"article:modified_time\" content=\"2022-08-26T15:20:04+00:00\" \/>\n<meta property=\"og:image\" content=\"https:\/\/www.sobrightandbold.com\/wp-content\/uploads\/2022\/08\/Contact.jpg\" \/>\n\t<meta property=\"og:image:width\" content=\"400\" \/>\n\t<meta property=\"og:image:height\" content=\"380\" \/>\n\t<meta property=\"og:image:type\" content=\"image\/jpeg\" \/>\n<meta name=\"twitter:card\" content=\"summary_large_image\" \/>\n<script type=\"application\/ld+json\" class=\"yoast-schema-graph\">{\"@context\":\"https:\\\/\\\/schema.org\",\"@graph\":[{\"@type\":\"WebPage\",\"@id\":\"https:\\\/\\\/www.sobrightandbold.com\\\/contact\\\/\",\"url\":\"https:\\\/\\\/www.sobrightandbold.com\\\/contact\\\/\",\"name\":\"Contact - So Bright And Bold\",\"isPartOf\":{\"@id\":\"https:\\\/\\\/www.sobrightandbold.com\\\/#website\"},\"primaryImageOfPage\":{\"@id\":\"https:\\\/\\\/www.sobrightandbold.com\\\/contact\\\/#primaryimage\"},\"image\":{\"@id\":\"https:\\\/\\\/www.sobrightandbold.com\\\/contact\\\/#primaryimage\"},\"thumbnailUrl\":\"https:\\\/\\\/www.sobrightandbold.com\\\/wp-content\\\/uploads\\\/2022\\\/08\\\/Contact.jpg\",\"datePublished\":\"2022-08-02T14:07:41+00:00\",\"dateModified\":\"2022-08-26T15:20:04+00:00\",\"breadcrumb\":{\"@id\":\"https:\\\/\\\/www.sobrightandbold.com\\\/contact\\\/#breadcrumb\"},\"inLanguage\":\"en-GB\",\"potentialAction\":[{\"@type\":\"ReadAction\",\"target\":[\"https:\\\/\\\/www.sobrightandbold.com\\\/contact\\\/\"]}]},{\"@type\":\"ImageObject\",\"inLanguage\":\"en-GB\",\"@id\":\"https:\\\/\\\/www.sobrightandbold.com\\\/contact\\\/#primaryimage\",\"url\":\"https:\\\/\\\/www.sobrightandbold.com\\\/wp-content\\\/uploads\\\/2022\\\/08\\\/Contact.jpg\",\"contentUrl\":\"https:\\\/\\\/www.sobrightandbold.com\\\/wp-content\\\/uploads\\\/2022\\\/08\\\/Contact.jpg\",\"width\":400,\"height\":380},{\"@type\":\"BreadcrumbList\",\"@id\":\"https:\\\/\\\/www.sobrightandbold.com\\\/contact\\\/#breadcrumb\",\"itemListElement\":[{\"@type\":\"ListItem\",\"position\":1,\"name\":\"Home\",\"item\":\"https:\\\/\\\/www.sobrightandbold.com\\\/\"},{\"@type\":\"ListItem\",\"position\":2,\"name\":\"Contact\"}]},{\"@type\":\"WebSite\",\"@id\":\"https:\\\/\\\/www.sobrightandbold.com\\\/#website\",\"url\":\"https:\\\/\\\/www.sobrightandbold.com\\\/\",\"name\":\"So Bright And Bold\",\"description\":\"SB&amp;B parle votre langage \\\/ nous parlons votre langage\",\"publisher\":{\"@id\":\"https:\\\/\\\/www.sobrightandbold.com\\\/#organization\"},\"potentialAction\":[{\"@type\":\"SearchAction\",\"target\":{\"@type\":\"EntryPoint\",\"urlTemplate\":\"https:\\\/\\\/www.sobrightandbold.com\\\/?s={search_term_string}\"},\"query-input\":{\"@type\":\"PropertyValueSpecification\",\"valueRequired\":true,\"valueName\":\"search_term_string\"}}],\"inLanguage\":\"en-GB\"},{\"@type\":\"Organization\",\"@id\":\"https:\\\/\\\/www.sobrightandbold.com\\\/#organization\",\"name\":\"So Bright And Bold\",\"url\":\"https:\\\/\\\/www.sobrightandbold.com\\\/\",\"logo\":{\"@type\":\"ImageObject\",\"inLanguage\":\"en-GB\",\"@id\":\"https:\\\/\\\/www.sobrightandbold.com\\\/#\\\/schema\\\/logo\\\/image\\\/\",\"url\":\"https:\\\/\\\/www.sobrightandbold.com\\\/wp-content\\\/uploads\\\/2022\\\/08\\\/SBB_Logo_1400x1155_Blanc_Couleur.png\",\"contentUrl\":\"https:\\\/\\\/www.sobrightandbold.com\\\/wp-content\\\/uploads\\\/2022\\\/08\\\/SBB_Logo_1400x1155_Blanc_Couleur.png\",\"width\":1400,\"height\":1155,\"caption\":\"So Bright And Bold\"},\"image\":{\"@id\":\"https:\\\/\\\/www.sobrightandbold.com\\\/#\\\/schema\\\/logo\\\/image\\\/\"}}]}<\/script>\n<!-- \/ Yoast SEO plugin. -->","yoast_head_json":{"title":"Contact - So Bright And Bold","robots":{"index":"index","follow":"follow","max-snippet":"max-snippet:-1","max-image-preview":"max-image-preview:large","max-video-preview":"max-video-preview:-1"},"canonical":"https:\/\/www.sobrightandbold.com\/en\/contact\/","og_locale":"en_GB","og_type":"article","og_title":"Contact - So Bright And Bold","og_description":"Une question ? Un projet ? N\u2019h\u00e9sitez pas \u00e0 prendre contact avec nous. Si\u00e8ge Social: 59 rue de Ponthieu Bureau 562 Paris 75008 C&rsquo;est par ici !","og_url":"https:\/\/www.sobrightandbold.com\/en\/contact\/","og_site_name":"So Bright And Bold","article_modified_time":"2022-08-26T15:20:04+00:00","og_image":[{"width":400,"height":380,"url":"https:\/\/www.sobrightandbold.com\/wp-content\/uploads\/2022\/08\/Contact.jpg","type":"image\/jpeg"}],"twitter_card":"summary_large_image","schema":{"@context":"https:\/\/schema.org","@graph":[{"@type":"WebPage","@id":"https:\/\/www.sobrightandbold.com\/contact\/","url":"https:\/\/www.sobrightandbold.com\/contact\/","name":"Contact - So Bright And Bold","isPartOf":{"@id":"https:\/\/www.sobrightandbold.com\/#website"},"primaryImageOfPage":{"@id":"https:\/\/www.sobrightandbold.com\/contact\/#primaryimage"},"image":{"@id":"https:\/\/www.sobrightandbold.com\/contact\/#primaryimage"},"thumbnailUrl":"https:\/\/www.sobrightandbold.com\/wp-content\/uploads\/2022\/08\/Contact.jpg","datePublished":"2022-08-02T14:07:41+00:00","dateModified":"2022-08-26T15:20:04+00:00","breadcrumb":{"@id":"https:\/\/www.sobrightandbold.com\/contact\/#breadcrumb"},"inLanguage":"en-GB","potentialAction":[{"@type":"ReadAction","target":["https:\/\/www.sobrightandbold.com\/contact\/"]}]},{"@type":"ImageObject","inLanguage":"en-GB","@id":"https:\/\/www.sobrightandbold.com\/contact\/#primaryimage","url":"https:\/\/www.sobrightandbold.com\/wp-content\/uploads\/2022\/08\/Contact.jpg","contentUrl":"https:\/\/www.sobrightandbold.com\/wp-content\/uploads\/2022\/08\/Contact.jpg","width":400,"height":380},{"@type":"BreadcrumbList","@id":"https:\/\/www.sobrightandbold.com\/contact\/#breadcrumb","itemListElement":[{"@type":"ListItem","position":1,"name":"Home","item":"https:\/\/www.sobrightandbold.com\/"},{"@type":"ListItem","position":2,"name":"Contact"}]},{"@type":"WebSite","@id":"https:\/\/www.sobrightandbold.com\/#website","url":"https:\/\/www.sobrightandbold.com\/","name":"So Bright And Bold","description":"SB&amp;B parle votre langage \/ nous parlons votre langage","publisher":{"@id":"https:\/\/www.sobrightandbold.com\/#organization"},"potentialAction":[{"@type":"SearchAction","target":{"@type":"EntryPoint","urlTemplate":"https:\/\/www.sobrightandbold.com\/?s={search_term_string}"},"query-input":{"@type":"PropertyValueSpecification","valueRequired":true,"valueName":"search_term_string"}}],"inLanguage":"en-GB"},{"@type":"Organization","@id":"https:\/\/www.sobrightandbold.com\/#organization","name":"So Bright And Bold","url":"https:\/\/www.sobrightandbold.com\/","logo":{"@type":"ImageObject","inLanguage":"en-GB","@id":"https:\/\/www.sobrightandbold.com\/#\/schema\/logo\/image\/","url":"https:\/\/www.sobrightandbold.com\/wp-content\/uploads\/2022\/08\/SBB_Logo_1400x1155_Blanc_Couleur.png","contentUrl":"https:\/\/www.sobrightandbold.com\/wp-content\/uploads\/2022\/08\/SBB_Logo_1400x1155_Blanc_Couleur.png","width":1400,"height":1155,"caption":"So Bright And Bold"},"image":{"@id":"https:\/\/www.sobrightandbold.com\/#\/schema\/logo\/image\/"}}]}},"_links":{"self":[{"href":"https:\/\/www.sobrightandbold.com\/en\/wp-json\/wp\/v2\/pages\/437","targetHints":{"allow":["GET"]}}],"collection":[{"href":"https:\/\/www.sobrightandbold.com\/en\/wp-json\/wp\/v2\/pages"}],"about":[{"href":"https:\/\/www.sobrightandbold.com\/en\/wp-json\/wp\/v2\/types\/page"}],"author":[{"embeddable":true,"href":"https:\/\/www.sobrightandbold.com\/en\/wp-json\/wp\/v2\/users\/1"}],"replies":[{"embeddable":true,"href":"https:\/\/www.sobrightandbold.com\/en\/wp-json\/wp\/v2\/comments?post=437"}],"version-history":[{"count":22,"href":"https:\/\/www.sobrightandbold.com\/en\/wp-json\/wp\/v2\/pages\/437\/revisions"}],"predecessor-version":[{"id":1137,"href":"https:\/\/www.sobrightandbold.com\/en\/wp-json\/wp\/v2\/pages\/437\/revisions\/1137"}],"wp:featuredmedia":[{"embeddable":true,"href":"https:\/\/www.sobrightandbold.com\/en\/wp-json\/wp\/v2\/media\/442"}],"wp:attachment":[{"href":"https:\/\/www.sobrightandbold.com\/en\/wp-json\/wp\/v2\/media?parent=437"}],"curies":[{"name":"wp","href":"https:\/\/api.w.org\/{rel}","templated":true}]}}