{"id":237,"date":"2021-02-02T09:17:30","date_gmt":"2021-02-02T09:17:30","guid":{"rendered":"https:\/\/www.sobrightandbold.com\/?page_id=237"},"modified":"2024-04-29T08:25:53","modified_gmt":"2024-04-29T08:25:53","slug":"mentions-legales","status":"publish","type":"page","link":"https:\/\/www.sobrightandbold.com\/en\/mentions-legales\/","title":{"rendered":"Legal notices"},"content":{"rendered":"<div data-elementor-type=\"wp-page\" data-elementor-id=\"237\" class=\"elementor elementor-237\" data-elementor-post-type=\"page\">\n\t\t\t\t\t\t<section class=\"elementor-section elementor-top-section elementor-element elementor-element-dafb8cb elementor-section-boxed elementor-section-height-default elementor-section-height-default\" data-id=\"dafb8cb\" data-element_type=\"section\" data-e-type=\"section\">\n\t\t\t\t\t\t<div class=\"elementor-container elementor-column-gap-default\">\n\t\t\t\t\t<div class=\"elementor-column elementor-col-100 elementor-top-column elementor-element elementor-element-125f52c\" data-id=\"125f52c\" data-element_type=\"column\" data-e-type=\"column\">\n\t\t\t<div class=\"elementor-widget-wrap elementor-element-populated\">\n\t\t\t\t\t\t<div class=\"elementor-element elementor-element-2a7df1c elementor-widget elementor-widget-heading\" data-id=\"2a7df1c\" data-element_type=\"widget\" data-e-type=\"widget\" data-widget_type=\"heading.default\">\n\t\t\t\t<div class=\"elementor-widget-container\">\n\t\t\t\t\t<h1 class=\"elementor-heading-title elementor-size-default\">Legal notices<\/h1>\t\t\t\t<\/div>\n\t\t\t\t<\/div>\n\t\t\t\t<div class=\"elementor-element elementor-element-7ee1aa8 elementor-widget elementor-widget-text-editor\" data-id=\"7ee1aa8\" data-element_type=\"widget\" data-e-type=\"widget\" data-widget_type=\"text-editor.default\">\n\t\t\t\t<div class=\"elementor-widget-container\">\n\t\t\t\t\t\t\t\t\t<p>Le pr\u00e9sent site est \u00e9dit\u00e9 par <strong>So Bright and Bold<\/strong><\/p><h4><span style=\"color: #bc7545;\">ENTREPRISE<\/span><\/h4><p>D\u00e9nomination Sociale : So Bright and Bold<br \/>Forme Juridique :\u00a0SAS<br \/>Capital social : 300 \u20ac<br \/>No d\u2019immatriculation :\u00a0888 227 097\u00a0RCS Paris<br \/>SIRET :\u00a0888 227 097 000 19<br \/>TVA Intracommunautaire :\u00a0FR26888227097<br \/>CODE APE : 7022Z<\/p><h4><span style=\"color: #bc7545;\">DIRECTEUR DE PUBLICATION<\/span><\/h4><p><strong>So Bright and Bold<\/strong><\/p><p>Le site ne peut \u00eatre utilis\u00e9 que sous r\u00e9serve du respect des pr\u00e9sentes conditions d\u2019utilisation et mentions d\u2019avertissement. En cons\u00e9quence, l\u2019utilisation du site en vaut acceptation.<\/p><p>Sonia Lawson<br \/><a href=\"https:\/\/www.google.com\/maps\/search\/59+rue+de+Ponthieu?entry=gmail&amp;source=g\"><span style=\"color: #bc7545;\">59 rue de Ponthieu<\/span><\/a> &#8211; Bureau 562, 75008 Paris<br \/><span style=\"color: #bc7545;\"><a style=\"color: #bc7545;\" href=\"mailto:shine@sobrightandbold.com\">shine@sobrightandbold.com<\/a><\/span><\/p><h4><span style=\"color: #bc7545;\">PROTECTION DES DONN\u00c9ES PERSONNELLES<\/span><\/h4><p><strong>So Bright and Bold<\/strong> s\u2019engage \u00e0 pr\u00e9server la confidentialit\u00e9 des informations \u00e9ventuellement fournies en ligne par l\u2019internaute comme pr\u00e9cis\u00e9 dans notre\u00a0\u00a0.<\/p><h3><span style=\"color: #bc7545;\">COOKIES<\/span><\/h3><p>Le site implantera un ou plusieurs \u00ab Cookie(s) \u00bb dans votre ordinateur pour enregistrer anonymement des informations relatives \u00e0 la navigation sur le site.<\/p><h3><span style=\"color: #bc7545;\">PROPRI\u00c9T\u00c9 INTELLECTUELLE<\/span><\/h3><p>Le site ainsi que les donn\u00e9es qui y figurent telles que marques logos, graphismes, photographies, textes r\u00e9dactionnels sont prot\u00e9g\u00e9s au titre de la propri\u00e9t\u00e9 intellectuelle. Le site et les informations qui y figurent sont destin\u00e9s \u00e0 l\u2019usage strictement personnel de l\u2019utilisateur et ne peuvent \u00eatre reproduits, ni communiqu\u00e9s \u00e0 des tiers, ni utilis\u00e9s en tout ou partie, \u00e0 quelque fin que ce soit, ni servir \u00e0 la cr\u00e9ation d\u2019\u0153uvres d\u00e9riv\u00e9es. En cons\u00e9quence, l\u2019exploitation non autoris\u00e9e de tout ou partie du site (reproduction, repr\u00e9sentation, publication, etc.) est formellement interdite sauf autorisation expresse du directeur de la publication et engage la responsabilit\u00e9 de l\u2019utilisateur et est susceptible d\u2019entra\u00eener des poursuites judiciaires.<\/p><h3><span style=\"color: #bc7545;\">PHOTOS UTILIS\u00c9ES SUR LE SITE<\/span><\/h3><p>Toutes les photos pr\u00e9sentes sur ce site sont la propri\u00e9t\u00e9 de <strong>So Bright and Bold<\/strong> et sont soumises \u00e0 un copyright.<\/p><h3><span style=\"color: #bc7545;\">LIENS<\/span><\/h3><p>Le site peut inclure des liens vers d\u2019autres sites ou sources itin\u00e9rantes. Dans la mesure o\u00f9 <strong>So Bright and Bold<\/strong> ne peut contr\u00f4ler ces sites et sources externes, <strong>So Bright and Bold<\/strong> ne peut \u00eatre tenue pour responsable de la mise \u00e0 disposition de ces sites et sources externes et ne peut supporter aucune responsabilit\u00e9 quant au contenu, publicit\u00e9s, produits, services ou tout autre mat\u00e9riel disponible sur et \u00e0 partir de ces sites ou ces sources.<\/p><h3><span style=\"color: #bc7545;\">UTILISATION DU SITE<\/span><\/h3><p>Tout utilisateur du site reconna\u00eet et accepte express\u00e9ment que l\u2019utilisation du site se fait \u00e0 ses risques et p\u00e9rils. <strong>So Bright and Bold<\/strong> ne garantit en aucun cas la qualit\u00e9 et la compatibilit\u00e9 du site \u00e0 un usage sp\u00e9cifique, que le site soit exhaustif ou d\u00e9pourvu de toute erreur. L\u2019utilisateur est seul responsable pour tout dommage subi par son ordinateur ou toute perte de donn\u00e9es cons\u00e9cutifs \u00e0 la consultation du site. Plus g\u00e9n\u00e9ralement, <strong>So Bright and Bold<\/strong> ne pourra en aucun cas \u00eatre responsable en cas de dommages directs et\/ou indirects r\u00e9sultant de l\u2019utilisation de ce site ou de l\u2019impossibilit\u00e9 d\u2019y acc\u00e9der. Par ailleurs, l\u2019utilisateur s\u2019engage, sous peine d\u2019engager sa responsabilit\u00e9 civile ou p\u00e9nale, \u00e0 ne pas utiliser ce site pour afficher ou transmettre, de quelque mani\u00e8re que ce soit, tout contenu illicite, nuisible ou violant tout droit de propri\u00e9t\u00e9 intellectuelle et\/ou de la personnalit\u00e9, ou tout contenu contenant des virus informatiques con\u00e7us pour interrompre, d\u00e9truire ou alt\u00e9rer les fonctionnalit\u00e9s du site.<\/p><h3><span style=\"color: #bc7545;\">GESTION ET D\u00c9VELOPPEMENT DU SITE<\/span><\/h3><p><span style=\"color: #bc7545;\"><a style=\"color: #bc7545;\" href=\"https:\/\/www.dynamic-touch.com\/\">Dynamic Touch<\/a>.<\/span><\/p><h3><span style=\"color: #bc7545;\">H\u00c9BERGEMENT<\/span><\/h3><p><em>OVH Adresse : 2 rue Kellermann \u2013 59100 Roubaix T\u00e9l : 0899 701 761 (1.349 \u20ac TTC l\u2019appel, et 0.337 \u20ac TTC\/mn)<\/em><\/p><h3><span style=\"color: #bc7545;\">R\u00c8GLEMENT EUROP\u00c9EN<\/span><\/h3><p>Conform\u00e9ment aux dispositions du R\u00e8glement (UE) 2016\/679 du Parlement europ\u00e9en et du Conseil du 27 avril 2016, vous disposez d\u2019un droit d\u2019acc\u00e8s, de modification, de rectification, de et de suppression des donn\u00e9es personnelles vous concernant. Pour l\u2019exercer vous avez directement acc\u00e8s \u00e0 votre compte personnel en ligne. Vous pouvez \u00e9galement nous envoyer un email ou vous adresser par courrier \u00e0<span style=\"color: #bc7545;\">\u00a0<a style=\"color: #bc7545;\" href=\"mailto:shine@sobrightandbold.com\">shine@sobrightandbold.com<\/a><\/span> et\/ou So Bright and Bold &#8211; 59 rue de Ponthieu &#8211; Bureau 562 &#8211; 75008 Paris.<\/p><p>Les informations qui vous concernent sont exclusivement destin\u00e9es \u00e0 <strong>So Bright and Bold <\/strong>afin d\u2019assurer la continuit\u00e9 des \u00e9changes entre <strong>So Bright and Bold <\/strong>et vous.<\/p><p><strong>So Bright and Bold<\/strong> conserve vos donn\u00e9es \u00e0 caract\u00e8re personnel tant qu\u2019elles sont n\u00e9cessaires au traitement de l\u2019objet de leur r\u00e9colte. Plus d\u2019informations sur notre\u00a0<span style=\"color: #bc7545;\"><a style=\"color: #bc7545;\" href=\"https:\/\/www.sobrightandbold.com\/en\/politique-de-confidentialite\/\">politique de confidentialit\u00e9<\/a><\/span>.<\/p><p><strong>So Bright and Bold<\/strong> ne vend pas et ne loue pas les adresses de messagerie et les informations personnelles de ses clients.<\/p><p>mettre lien<\/p><h3><span style=\"color: #bc7545;\">\u00c9DITEUR<\/span><\/h3><p>Dynamic Touch<br \/><span style=\"color: #bc7545;\"><a style=\"color: #bc7545;\" href=\"https:\/\/www.google.com\/maps\/search\/95+rue+cardinet+75017+Paris?entry=gmail&amp;source=g\">95 rue cardinet 75017 Paris<\/a><\/span><\/p><h4><span style=\"color: #bc7545;\">DONN\u00c9ES STATISTIQUES DE SUIVI<\/span><\/h4><p>Nous utilisons les donn\u00e9es de connexion pour nos statistiques de consultation (type de navigateur, nombre de visiteurs, rubriques visit\u00e9es\u2026) pour l\u2019optimisation de notre site en termes de rubriques et de navigation, mais ces informations ne sont pas transmises \u00e0 des tiers.<\/p><div class=\"ms-editor-squiggler\" style=\"color: initial; font: initial; font-feature-settings: initial; font-kerning: initial; font-optical-sizing: initial; font-variation-settings: initial; text-orientation: initial; text-rendering: initial; -webkit-font-smoothing: initial; -webkit-locale: initial; -webkit-text-orientation: initial; -webkit-writing-mode: initial; writing-mode: initial; zoom: initial; place-content: initial; place-items: initial; place-self: initial; alignment-baseline: initial; animation: initial; appearance: initial; aspect-ratio: initial; backdrop-filter: initial; backface-visibility: initial; background: initial; background-blend-mode: initial; baseline-shift: initial; block-size: initial; border-block: initial; border: initial; border-radius: initial; border-collapse: initial; border-inline: initial; inset: initial; box-shadow: initial; box-sizing: initial; break-after: initial; break-before: initial; break-inside: initial; buffered-rendering: initial; caption-side: initial; caret-color: initial; clear: initial; clip: initial; clip-path: initial; clip-rule: initial; color-interpolation: initial; color-interpolation-filters: initial; color-rendering: initial; color-scheme: initial; columns: initial; column-fill: initial; gap: initial; column-rule: initial; column-span: initial; contain: initial; contain-intrinsic-size: initial; content: initial; content-visibility: initial; counter-increment: initial; counter-reset: initial; counter-set: initial; cursor: initial; cx: initial; cy: initial; d: initial; display: block; dominant-baseline: initial; empty-cells: initial; fill: initial; fill-opacity: initial; fill-rule: initial; filter: initial; flex: initial; flex-flow: initial; float: initial; flood-color: initial; flood-opacity: initial; grid: initial; grid-area: initial; height: initial; hyphens: initial; image-orientation: initial; image-rendering: initial; inline-size: initial; inset-block: initial; inset-inline: initial; isolation: initial; letter-spacing: initial; lighting-color: initial; line-break: initial; list-style: initial; margin-block: initial; margin: initial; margin-inline: initial; marker: initial; mask: initial; mask-type: initial; max-block-size: initial; max-height: initial; max-inline-size: initial; max-width: initial; min-block-size: initial; min-height: initial; min-inline-size: initial; min-width: initial; mix-blend-mode: initial; object-fit: initial; object-position: initial; offset: initial; opacity: initial; order: initial; origin-trial-test-property: initial; orphans: initial; outline: initial; outline-offset: initial; overflow-anchor: initial; overflow-wrap: initial; overflow: initial; overscroll-behavior-block: initial; overscroll-behavior-inline: initial; overscroll-behavior: initial; padding-block: initial; padding: initial; padding-inline: initial; page: initial; page-orientation: initial; paint-order: initial; perspective: initial; perspective-origin: initial; pointer-events: initial; position: initial; quotes: initial; r: initial; resize: initial; ruby-position: initial; rx: initial; ry: initial; scroll-behavior: initial; scroll-margin-block: initial; scroll-margin: initial; scroll-margin-inline: initial; scroll-padding-block: initial; scroll-padding: initial; scroll-padding-inline: initial; scroll-snap-align: initial; scroll-snap-stop: initial; scroll-snap-type: initial; shape-image-threshold: initial; shape-margin: initial; shape-outside: initial; shape-rendering: initial; size: initial; speak: initial; stop-color: initial; stop-opacity: initial; stroke: initial; stroke-dasharray: initial; stroke-dashoffset: initial; stroke-linecap: initial; stroke-linejoin: initial; stroke-miterlimit: initial; stroke-opacity: initial; stroke-width: initial; tab-size: initial; table-layout: initial; text-align: initial; text-align-last: initial; text-anchor: initial; text-combine-upright: initial; text-decoration: initial; text-decoration-skip-ink: initial; text-indent: initial; text-overflow: initial; text-shadow: initial; text-size-adjust: initial; text-transform: initial; text-underline-offset: initial; text-underline-position: initial; touch-action: initial; transform: initial; transform-box: initial; transform-origin: initial; transform-style: initial; transition: initial; user-select: initial; vector-effect: initial; vertical-align: initial; visibility: initial; -webkit-app-region: initial; border-spacing: initial; -webkit-border-image: initial; -webkit-box-align: initial; -webkit-box-decoration-break: initial; -webkit-box-direction: initial; -webkit-box-flex: initial; -webkit-box-ordinal-group: initial; -webkit-box-orient: initial; -webkit-box-pack: initial; -webkit-box-reflect: initial; -webkit-highlight: initial; -webkit-hyphenate-character: initial; -webkit-line-break: initial; -webkit-line-clamp: initial; -webkit-mask-box-image: initial; -webkit-mask: initial; -webkit-mask-composite: initial; -webkit-perspective-origin-x: initial; -webkit-perspective-origin-y: initial; -webkit-print-color-adjust: initial; -webkit-rtl-ordering: initial; -webkit-ruby-position: initial; -webkit-tap-highlight-color: initial; -webkit-text-combine: initial; -webkit-text-decorations-in-effect: initial; -webkit-text-emphasis: initial; -webkit-text-emphasis-position: initial; -webkit-text-fill-color: initial; -webkit-text-security: initial; -webkit-text-stroke: initial; -webkit-transform-origin-x: initial; -webkit-transform-origin-y: initial; -webkit-transform-origin-z: initial; -webkit-user-drag: initial; -webkit-user-modify: initial; white-space: initial; widows: initial; width: initial; will-change: initial; word-break: initial; word-spacing: initial; x: initial; y: initial; z-index: initial;\">\u00a0<\/div>\t\t\t\t\t\t\t\t<\/div>\n\t\t\t\t<\/div>\n\t\t\t\t\t<\/div>\n\t\t<\/div>\n\t\t\t\t\t<\/div>\n\t\t<\/section>\n\t\t\t\t<\/div>","protected":false},"excerpt":{"rendered":"<p>Mentions l\u00e9gales Le pr\u00e9sent site est \u00e9dit\u00e9 par So Bright and Bold ENTREPRISE D\u00e9nomination Sociale : So Bright and BoldForme Juridique :\u00a0SASCapital social : 300 \u20acNo d\u2019immatriculation :\u00a0888 227 097\u00a0RCS ParisSIRET :\u00a0888 227 097 000 19TVA Intracommunautaire :\u00a0FR26888227097CODE APE : 7022Z DIRECTEUR DE PUBLICATION So Bright and Bold Le site ne peut \u00eatre utilis\u00e9 que [&hellip;]<\/p>\n","protected":false},"author":1,"featured_media":0,"parent":0,"menu_order":0,"comment_status":"closed","ping_status":"closed","template":"","meta":{"footnotes":""},"class_list":["post-237","page","type-page","status-publish","hentry"],"yoast_head":"<!-- This site is optimized with the Yoast SEO plugin v27.4 - https:\/\/yoast.com\/product\/yoast-seo-wordpress\/ -->\n<title>Mentions l\u00e9gales - So Bright And Bold<\/title>\n<meta name=\"robots\" content=\"index, follow, max-snippet:-1, max-image-preview:large, max-video-preview:-1\" \/>\n<link rel=\"canonical\" href=\"https:\/\/www.sobrightandbold.com\/en\/mentions-legales\/\" \/>\n<meta property=\"og:locale\" content=\"en_GB\" \/>\n<meta property=\"og:type\" content=\"article\" \/>\n<meta property=\"og:title\" content=\"Mentions l\u00e9gales - So Bright And Bold\" \/>\n<meta property=\"og:description\" content=\"Mentions l\u00e9gales Le pr\u00e9sent site est \u00e9dit\u00e9 par So Bright and Bold ENTREPRISE D\u00e9nomination Sociale : So Bright and BoldForme Juridique :\u00a0SASCapital social : 300 \u20acNo d\u2019immatriculation :\u00a0888 227 097\u00a0RCS ParisSIRET :\u00a0888 227 097 000 19TVA Intracommunautaire :\u00a0FR26888227097CODE APE : 7022Z DIRECTEUR DE PUBLICATION So Bright and Bold Le site ne peut \u00eatre utilis\u00e9 que [&hellip;]\" \/>\n<meta property=\"og:url\" content=\"https:\/\/www.sobrightandbold.com\/en\/mentions-legales\/\" \/>\n<meta property=\"og:site_name\" content=\"So Bright And Bold\" \/>\n<meta property=\"article:modified_time\" content=\"2024-04-29T08:25:53+00:00\" \/>\n<meta name=\"twitter:card\" content=\"summary_large_image\" \/>\n<meta name=\"twitter:label1\" content=\"Estimated reading time\" \/>\n\t<meta name=\"twitter:data1\" content=\"4 minutes\" \/>\n<script type=\"application\/ld+json\" class=\"yoast-schema-graph\">{\"@context\":\"https:\\\/\\\/schema.org\",\"@graph\":[{\"@type\":\"WebPage\",\"@id\":\"https:\\\/\\\/www.sobrightandbold.com\\\/mentions-legales\\\/\",\"url\":\"https:\\\/\\\/www.sobrightandbold.com\\\/mentions-legales\\\/\",\"name\":\"Mentions l\u00e9gales - So Bright And Bold\",\"isPartOf\":{\"@id\":\"https:\\\/\\\/www.sobrightandbold.com\\\/#website\"},\"datePublished\":\"2021-02-02T09:17:30+00:00\",\"dateModified\":\"2024-04-29T08:25:53+00:00\",\"breadcrumb\":{\"@id\":\"https:\\\/\\\/www.sobrightandbold.com\\\/mentions-legales\\\/#breadcrumb\"},\"inLanguage\":\"en-GB\",\"potentialAction\":[{\"@type\":\"ReadAction\",\"target\":[\"https:\\\/\\\/www.sobrightandbold.com\\\/mentions-legales\\\/\"]}]},{\"@type\":\"BreadcrumbList\",\"@id\":\"https:\\\/\\\/www.sobrightandbold.com\\\/mentions-legales\\\/#breadcrumb\",\"itemListElement\":[{\"@type\":\"ListItem\",\"position\":1,\"name\":\"Home\",\"item\":\"https:\\\/\\\/www.sobrightandbold.com\\\/\"},{\"@type\":\"ListItem\",\"position\":2,\"name\":\"Mentions l\u00e9gales\"}]},{\"@type\":\"WebSite\",\"@id\":\"https:\\\/\\\/www.sobrightandbold.com\\\/#website\",\"url\":\"https:\\\/\\\/www.sobrightandbold.com\\\/\",\"name\":\"So Bright And Bold\",\"description\":\"SB&amp;B parle votre langage \\\/ nous parlons votre langage\",\"publisher\":{\"@id\":\"https:\\\/\\\/www.sobrightandbold.com\\\/#organization\"},\"potentialAction\":[{\"@type\":\"SearchAction\",\"target\":{\"@type\":\"EntryPoint\",\"urlTemplate\":\"https:\\\/\\\/www.sobrightandbold.com\\\/?s={search_term_string}\"},\"query-input\":{\"@type\":\"PropertyValueSpecification\",\"valueRequired\":true,\"valueName\":\"search_term_string\"}}],\"inLanguage\":\"en-GB\"},{\"@type\":\"Organization\",\"@id\":\"https:\\\/\\\/www.sobrightandbold.com\\\/#organization\",\"name\":\"So Bright And Bold\",\"url\":\"https:\\\/\\\/www.sobrightandbold.com\\\/\",\"logo\":{\"@type\":\"ImageObject\",\"inLanguage\":\"en-GB\",\"@id\":\"https:\\\/\\\/www.sobrightandbold.com\\\/#\\\/schema\\\/logo\\\/image\\\/\",\"url\":\"https:\\\/\\\/www.sobrightandbold.com\\\/wp-content\\\/uploads\\\/2022\\\/08\\\/SBB_Logo_1400x1155_Blanc_Couleur.png\",\"contentUrl\":\"https:\\\/\\\/www.sobrightandbold.com\\\/wp-content\\\/uploads\\\/2022\\\/08\\\/SBB_Logo_1400x1155_Blanc_Couleur.png\",\"width\":1400,\"height\":1155,\"caption\":\"So Bright And Bold\"},\"image\":{\"@id\":\"https:\\\/\\\/www.sobrightandbold.com\\\/#\\\/schema\\\/logo\\\/image\\\/\"}}]}<\/script>\n<!-- \/ Yoast SEO plugin. -->","yoast_head_json":{"title":"Mentions l\u00e9gales - So Bright And Bold","robots":{"index":"index","follow":"follow","max-snippet":"max-snippet:-1","max-image-preview":"max-image-preview:large","max-video-preview":"max-video-preview:-1"},"canonical":"https:\/\/www.sobrightandbold.com\/en\/mentions-legales\/","og_locale":"en_GB","og_type":"article","og_title":"Mentions l\u00e9gales - So Bright And Bold","og_description":"Mentions l\u00e9gales Le pr\u00e9sent site est \u00e9dit\u00e9 par So Bright and Bold ENTREPRISE D\u00e9nomination Sociale : So Bright and BoldForme Juridique :\u00a0SASCapital social : 300 \u20acNo d\u2019immatriculation :\u00a0888 227 097\u00a0RCS ParisSIRET :\u00a0888 227 097 000 19TVA Intracommunautaire :\u00a0FR26888227097CODE APE : 7022Z DIRECTEUR DE PUBLICATION So Bright and Bold Le site ne peut \u00eatre utilis\u00e9 que [&hellip;]","og_url":"https:\/\/www.sobrightandbold.com\/en\/mentions-legales\/","og_site_name":"So Bright And Bold","article_modified_time":"2024-04-29T08:25:53+00:00","twitter_card":"summary_large_image","twitter_misc":{"Estimated reading time":"4 minutes"},"schema":{"@context":"https:\/\/schema.org","@graph":[{"@type":"WebPage","@id":"https:\/\/www.sobrightandbold.com\/mentions-legales\/","url":"https:\/\/www.sobrightandbold.com\/mentions-legales\/","name":"Mentions l\u00e9gales - So Bright And Bold","isPartOf":{"@id":"https:\/\/www.sobrightandbold.com\/#website"},"datePublished":"2021-02-02T09:17:30+00:00","dateModified":"2024-04-29T08:25:53+00:00","breadcrumb":{"@id":"https:\/\/www.sobrightandbold.com\/mentions-legales\/#breadcrumb"},"inLanguage":"en-GB","potentialAction":[{"@type":"ReadAction","target":["https:\/\/www.sobrightandbold.com\/mentions-legales\/"]}]},{"@type":"BreadcrumbList","@id":"https:\/\/www.sobrightandbold.com\/mentions-legales\/#breadcrumb","itemListElement":[{"@type":"ListItem","position":1,"name":"Home","item":"https:\/\/www.sobrightandbold.com\/"},{"@type":"ListItem","position":2,"name":"Mentions l\u00e9gales"}]},{"@type":"WebSite","@id":"https:\/\/www.sobrightandbold.com\/#website","url":"https:\/\/www.sobrightandbold.com\/","name":"So Bright And Bold","description":"SB&amp;B parle votre langage \/ nous parlons votre langage","publisher":{"@id":"https:\/\/www.sobrightandbold.com\/#organization"},"potentialAction":[{"@type":"SearchAction","target":{"@type":"EntryPoint","urlTemplate":"https:\/\/www.sobrightandbold.com\/?s={search_term_string}"},"query-input":{"@type":"PropertyValueSpecification","valueRequired":true,"valueName":"search_term_string"}}],"inLanguage":"en-GB"},{"@type":"Organization","@id":"https:\/\/www.sobrightandbold.com\/#organization","name":"So Bright And Bold","url":"https:\/\/www.sobrightandbold.com\/","logo":{"@type":"ImageObject","inLanguage":"en-GB","@id":"https:\/\/www.sobrightandbold.com\/#\/schema\/logo\/image\/","url":"https:\/\/www.sobrightandbold.com\/wp-content\/uploads\/2022\/08\/SBB_Logo_1400x1155_Blanc_Couleur.png","contentUrl":"https:\/\/www.sobrightandbold.com\/wp-content\/uploads\/2022\/08\/SBB_Logo_1400x1155_Blanc_Couleur.png","width":1400,"height":1155,"caption":"So Bright And Bold"},"image":{"@id":"https:\/\/www.sobrightandbold.com\/#\/schema\/logo\/image\/"}}]}},"_links":{"self":[{"href":"https:\/\/www.sobrightandbold.com\/en\/wp-json\/wp\/v2\/pages\/237","targetHints":{"allow":["GET"]}}],"collection":[{"href":"https:\/\/www.sobrightandbold.com\/en\/wp-json\/wp\/v2\/pages"}],"about":[{"href":"https:\/\/www.sobrightandbold.com\/en\/wp-json\/wp\/v2\/types\/page"}],"author":[{"embeddable":true,"href":"https:\/\/www.sobrightandbold.com\/en\/wp-json\/wp\/v2\/users\/1"}],"replies":[{"embeddable":true,"href":"https:\/\/www.sobrightandbold.com\/en\/wp-json\/wp\/v2\/comments?post=237"}],"version-history":[{"count":32,"href":"https:\/\/www.sobrightandbold.com\/en\/wp-json\/wp\/v2\/pages\/237\/revisions"}],"predecessor-version":[{"id":1342,"href":"https:\/\/www.sobrightandbold.com\/en\/wp-json\/wp\/v2\/pages\/237\/revisions\/1342"}],"wp:attachment":[{"href":"https:\/\/www.sobrightandbold.com\/en\/wp-json\/wp\/v2\/media?parent=237"}],"curies":[{"name":"wp","href":"https:\/\/api.w.org\/{rel}","templated":true}]}}