{"id":1170,"date":"2022-08-26T15:53:34","date_gmt":"2022-08-26T15:53:34","guid":{"rendered":"https:\/\/www.sobrightandbold.com\/?page_id=1170"},"modified":"2023-01-30T14:58:30","modified_gmt":"2023-01-30T14:58:30","slug":"blog","status":"publish","type":"page","link":"https:\/\/www.sobrightandbold.com\/en\/blog\/","title":{"rendered":"Blog"},"content":{"rendered":"<div data-elementor-type=\"wp-page\" data-elementor-id=\"1170\" class=\"elementor elementor-1170\" data-elementor-post-type=\"page\">\n\t\t\t\t\t\t<section class=\"elementor-section elementor-top-section elementor-element elementor-element-99e1c4e elementor-section-full_width elementor-section-height-min-height elementor-section-height-default elementor-section-items-middle\" data-id=\"99e1c4e\" data-element_type=\"section\" data-e-type=\"section\" data-settings=\"{&quot;background_background&quot;:&quot;classic&quot;}\">\n\t\t\t\t\t\t\t<div class=\"elementor-background-overlay\"><\/div>\n\t\t\t\t\t\t\t<div class=\"elementor-container elementor-column-gap-default\">\n\t\t\t\t\t<div class=\"elementor-column elementor-col-100 elementor-top-column elementor-element elementor-element-ef2dd22\" data-id=\"ef2dd22\" data-element_type=\"column\" data-e-type=\"column\">\n\t\t\t<div class=\"elementor-widget-wrap elementor-element-populated\">\n\t\t\t\t\t\t<div class=\"elementor-element elementor-element-e6fb692 elementor-widget elementor-widget-heading\" data-id=\"e6fb692\" data-element_type=\"widget\" data-e-type=\"widget\" data-widget_type=\"heading.default\">\n\t\t\t\t<div class=\"elementor-widget-container\">\n\t\t\t\t\t<h1 class=\"elementor-heading-title elementor-size-default\">Blog<\/h1>\t\t\t\t<\/div>\n\t\t\t\t<\/div>\n\t\t\t\t<div class=\"elementor-element elementor-element-1429103 elementor-view-default elementor-invisible elementor-widget elementor-widget-icon\" data-id=\"1429103\" data-element_type=\"widget\" data-e-type=\"widget\" data-settings=\"{&quot;_animation&quot;:&quot;fadeInDown&quot;}\" data-widget_type=\"icon.default\">\n\t\t\t\t<div class=\"elementor-widget-container\">\n\t\t\t\t\t\t\t<div class=\"elementor-icon-wrapper\">\n\t\t\t<a class=\"elementor-icon\" href=\"#history\">\n\t\t\t<svg xmlns=\"http:\/\/www.w3.org\/2000\/svg\" id=\"f091b371-0a0c-4a7a-b831-d1a750619811\" data-name=\"Layer 1\" viewbox=\"0 0 24.9999 32\"><title>scroll-down-icon<\/title><g id=\"a2db11b3-5623-466b-a28d-fa1595a1ff7d\" data-name=\"Home-Page-\"><g id=\"a060ad71-be4b-4462-8469-bf6bb42ed1bf\" data-name=\"Hero\"><path d=\"M24.8505,18.7959a.5.5,0,0,0-.707.0059L12.871,30.2773V.5a.5.5,0,0,0-1,0V30.2588L.86,18.8057A.5.5,0,1,0,.14,19.499L12.0087,31.8447l.0078.0078.001.001a.5057.5057,0,0,0,.1274.0928h.001l.001.001.0015.0009a.3267.3267,0,0,0,.0415.0176A.5029.5029,0,0,0,12.3573,32h.0288a.4941.4941,0,0,0,.1783-.0391l.02-.0078v-.001h.002l.0014-.0009a.4835.4835,0,0,0,.1358-.0967h0l.0054-.0059L24.8564,19.5029A.5.5,0,0,0,24.8505,18.7959Z\"><\/path><\/g><\/g><\/svg>\t\t\t<\/a>\n\t\t<\/div>\n\t\t\t\t\t\t<\/div>\n\t\t\t\t<\/div>\n\t\t\t\t\t<\/div>\n\t\t<\/div>\n\t\t\t\t\t<\/div>\n\t\t<\/section>\n\t\t\t\t<section class=\"elementor-section elementor-top-section elementor-element elementor-element-16c58e6 elementor-section-boxed elementor-section-height-default elementor-section-height-default\" data-id=\"16c58e6\" data-element_type=\"section\" data-e-type=\"section\">\n\t\t\t\t\t\t<div class=\"elementor-container elementor-column-gap-default\">\n\t\t\t\t\t<div class=\"elementor-column elementor-col-100 elementor-top-column elementor-element elementor-element-6329608\" data-id=\"6329608\" data-element_type=\"column\" data-e-type=\"column\">\n\t\t\t<div class=\"elementor-widget-wrap elementor-element-populated\">\n\t\t\t\t\t\t<div class=\"elementor-element elementor-element-8809116 elementor-grid-3 elementor-grid-tablet-2 elementor-grid-mobile-1 elementor-posts--thumbnail-top elementor-widget elementor-widget-posts\" data-id=\"8809116\" data-element_type=\"widget\" data-e-type=\"widget\" data-settings=\"{&quot;classic_columns&quot;:&quot;3&quot;,&quot;classic_columns_tablet&quot;:&quot;2&quot;,&quot;classic_columns_mobile&quot;:&quot;1&quot;,&quot;classic_row_gap&quot;:{&quot;unit&quot;:&quot;px&quot;,&quot;size&quot;:35,&quot;sizes&quot;:[]},&quot;classic_row_gap_tablet&quot;:{&quot;unit&quot;:&quot;px&quot;,&quot;size&quot;:&quot;&quot;,&quot;sizes&quot;:[]},&quot;classic_row_gap_mobile&quot;:{&quot;unit&quot;:&quot;px&quot;,&quot;size&quot;:&quot;&quot;,&quot;sizes&quot;:[]}}\" data-widget_type=\"posts.classic\">\n\t\t\t\t<div class=\"elementor-widget-container\">\n\t\t\t\t\t\t\t<div class=\"elementor-posts-container elementor-posts elementor-posts--skin-classic elementor-grid\" role=\"list\">\n\t\t\t\t<article class=\"elementor-post elementor-grid-item post-1253 post type-post status-publish format-standard has-post-thumbnail hentry category-corporate\" role=\"listitem\">\n\t\t\t\t<a class=\"elementor-post__thumbnail__link\" href=\"https:\/\/www.sobrightandbold.com\/en\/blog-sbb\/\" tabindex=\"-1\" >\n\t\t\t<div class=\"elementor-post__thumbnail\"><img fetchpriority=\"high\" decoding=\"async\" width=\"300\" height=\"167\" src=\"https:\/\/www.sobrightandbold.com\/wp-content\/uploads\/2023\/01\/kelly-sikkema-l3vYi2wjjpE-unsplash-300x167.jpg\" class=\"attachment-medium size-medium wp-image-1255\" alt=\"\" srcset=\"https:\/\/www.sobrightandbold.com\/wp-content\/uploads\/2023\/01\/kelly-sikkema-l3vYi2wjjpE-unsplash-300x167.jpg 300w, https:\/\/www.sobrightandbold.com\/wp-content\/uploads\/2023\/01\/kelly-sikkema-l3vYi2wjjpE-unsplash-1024x571.jpg 1024w, https:\/\/www.sobrightandbold.com\/wp-content\/uploads\/2023\/01\/kelly-sikkema-l3vYi2wjjpE-unsplash-768x428.jpg 768w, https:\/\/www.sobrightandbold.com\/wp-content\/uploads\/2023\/01\/kelly-sikkema-l3vYi2wjjpE-unsplash-1536x856.jpg 1536w, https:\/\/www.sobrightandbold.com\/wp-content\/uploads\/2023\/01\/kelly-sikkema-l3vYi2wjjpE-unsplash-2048x1141.jpg 2048w, https:\/\/www.sobrightandbold.com\/wp-content\/uploads\/2023\/01\/kelly-sikkema-l3vYi2wjjpE-unsplash-18x10.jpg 18w\" sizes=\"(max-width: 300px) 100vw, 300px\" \/><\/div>\n\t\t<\/a>\n\t\t\t\t<div class=\"elementor-post__text\">\n\t\t\t\t<h3 class=\"elementor-post__title\">\n\t\t\t<a href=\"https:\/\/www.sobrightandbold.com\/en\/blog-sbb\/\" >\n\t\t\t\tParce qu&rsquo;il n&rsquo;est toujours pas trop tard&#8230;\t\t\t<\/a>\n\t\t<\/h3>\n\t\t\t\t<div class=\"elementor-post__meta-data\">\n\t\t\t\t\t<span class=\"elementor-post-date\">\n\t\t\t30\/01\/2023\t\t<\/span>\n\t\t\t\t<span class=\"elementor-post-avatar\">\n\t\t\tNo Comments\t\t<\/span>\n\t\t\t\t<\/div>\n\t\t\t\t<div class=\"elementor-post__excerpt\">\n\t\t\t<p>Qui dit nouvelle ann\u00e9e, dit nouveau(x) projet(s). SB&amp;B compte bien appliquer cette formule afin de poursuivre son d\u00e9veloppement et vous proposer quelques nouveaut\u00e9s. On n\u2019attend<\/p>\n\t\t<\/div>\n\t\t\n\t\t<a class=\"elementor-post__read-more\" href=\"https:\/\/www.sobrightandbold.com\/en\/blog-sbb\/\" aria-label=\"Read more about Parce qu&rsquo;il n&rsquo;est toujours pas trop tard&#8230;\" tabindex=\"-1\" >\n\t\t\tRead More \u00bb\t\t<\/a>\n\n\t\t\t\t<\/div>\n\t\t\t\t<\/article>\n\t\t\t\t<\/div>\n\t\t\n\t\t\t\t\t\t<\/div>\n\t\t\t\t<\/div>\n\t\t\t\t\t<\/div>\n\t\t<\/div>\n\t\t\t\t\t<\/div>\n\t\t<\/section>\n\t\t\t\t<\/div>","protected":false},"excerpt":{"rendered":"<p>Blog scroll-down-icon<\/p>","protected":false},"author":1,"featured_media":0,"parent":0,"menu_order":0,"comment_status":"closed","ping_status":"closed","template":"elementor_header_footer","meta":{"footnotes":""},"class_list":["post-1170","page","type-page","status-publish","hentry"],"yoast_head":"<!-- This site is optimized with the Yoast SEO plugin v27.4 - https:\/\/yoast.com\/product\/yoast-seo-wordpress\/ -->\n<title>Blog - So Bright And Bold<\/title>\n<meta name=\"robots\" content=\"index, follow, max-snippet:-1, max-image-preview:large, max-video-preview:-1\" \/>\n<link rel=\"canonical\" href=\"https:\/\/www.sobrightandbold.com\/en\/blog\/\" \/>\n<meta property=\"og:locale\" content=\"en_GB\" \/>\n<meta property=\"og:type\" content=\"article\" \/>\n<meta property=\"og:title\" content=\"Blog - So Bright And Bold\" \/>\n<meta property=\"og:description\" content=\"Blog scroll-down-icon\" \/>\n<meta property=\"og:url\" content=\"https:\/\/www.sobrightandbold.com\/en\/blog\/\" \/>\n<meta property=\"og:site_name\" content=\"So Bright And Bold\" \/>\n<meta property=\"article:modified_time\" content=\"2023-01-30T14:58:30+00:00\" \/>\n<meta name=\"twitter:card\" content=\"summary_large_image\" \/>\n<meta name=\"twitter:label1\" content=\"Estimated reading time\" \/>\n\t<meta name=\"twitter:data1\" content=\"1 minute\" \/>\n<script type=\"application\/ld+json\" class=\"yoast-schema-graph\">{\"@context\":\"https:\\\/\\\/schema.org\",\"@graph\":[{\"@type\":\"WebPage\",\"@id\":\"https:\\\/\\\/www.sobrightandbold.com\\\/blog\\\/\",\"url\":\"https:\\\/\\\/www.sobrightandbold.com\\\/blog\\\/\",\"name\":\"Blog - So Bright And Bold\",\"isPartOf\":{\"@id\":\"https:\\\/\\\/www.sobrightandbold.com\\\/#website\"},\"datePublished\":\"2022-08-26T15:53:34+00:00\",\"dateModified\":\"2023-01-30T14:58:30+00:00\",\"breadcrumb\":{\"@id\":\"https:\\\/\\\/www.sobrightandbold.com\\\/blog\\\/#breadcrumb\"},\"inLanguage\":\"en-GB\",\"potentialAction\":[{\"@type\":\"ReadAction\",\"target\":[\"https:\\\/\\\/www.sobrightandbold.com\\\/blog\\\/\"]}]},{\"@type\":\"BreadcrumbList\",\"@id\":\"https:\\\/\\\/www.sobrightandbold.com\\\/blog\\\/#breadcrumb\",\"itemListElement\":[{\"@type\":\"ListItem\",\"position\":1,\"name\":\"Home\",\"item\":\"https:\\\/\\\/www.sobrightandbold.com\\\/\"},{\"@type\":\"ListItem\",\"position\":2,\"name\":\"Blog\"}]},{\"@type\":\"WebSite\",\"@id\":\"https:\\\/\\\/www.sobrightandbold.com\\\/#website\",\"url\":\"https:\\\/\\\/www.sobrightandbold.com\\\/\",\"name\":\"So Bright And Bold\",\"description\":\"SB&amp;B parle votre langage \\\/ nous parlons votre langage\",\"publisher\":{\"@id\":\"https:\\\/\\\/www.sobrightandbold.com\\\/#organization\"},\"potentialAction\":[{\"@type\":\"SearchAction\",\"target\":{\"@type\":\"EntryPoint\",\"urlTemplate\":\"https:\\\/\\\/www.sobrightandbold.com\\\/?s={search_term_string}\"},\"query-input\":{\"@type\":\"PropertyValueSpecification\",\"valueRequired\":true,\"valueName\":\"search_term_string\"}}],\"inLanguage\":\"en-GB\"},{\"@type\":\"Organization\",\"@id\":\"https:\\\/\\\/www.sobrightandbold.com\\\/#organization\",\"name\":\"So Bright And Bold\",\"url\":\"https:\\\/\\\/www.sobrightandbold.com\\\/\",\"logo\":{\"@type\":\"ImageObject\",\"inLanguage\":\"en-GB\",\"@id\":\"https:\\\/\\\/www.sobrightandbold.com\\\/#\\\/schema\\\/logo\\\/image\\\/\",\"url\":\"https:\\\/\\\/www.sobrightandbold.com\\\/wp-content\\\/uploads\\\/2022\\\/08\\\/SBB_Logo_1400x1155_Blanc_Couleur.png\",\"contentUrl\":\"https:\\\/\\\/www.sobrightandbold.com\\\/wp-content\\\/uploads\\\/2022\\\/08\\\/SBB_Logo_1400x1155_Blanc_Couleur.png\",\"width\":1400,\"height\":1155,\"caption\":\"So Bright And Bold\"},\"image\":{\"@id\":\"https:\\\/\\\/www.sobrightandbold.com\\\/#\\\/schema\\\/logo\\\/image\\\/\"}}]}<\/script>\n<!-- \/ Yoast SEO plugin. -->","yoast_head_json":{"title":"Blog - So Bright And Bold","robots":{"index":"index","follow":"follow","max-snippet":"max-snippet:-1","max-image-preview":"max-image-preview:large","max-video-preview":"max-video-preview:-1"},"canonical":"https:\/\/www.sobrightandbold.com\/en\/blog\/","og_locale":"en_GB","og_type":"article","og_title":"Blog - So Bright And Bold","og_description":"Blog scroll-down-icon","og_url":"https:\/\/www.sobrightandbold.com\/en\/blog\/","og_site_name":"So Bright And Bold","article_modified_time":"2023-01-30T14:58:30+00:00","twitter_card":"summary_large_image","twitter_misc":{"Estimated reading time":"1 minute"},"schema":{"@context":"https:\/\/schema.org","@graph":[{"@type":"WebPage","@id":"https:\/\/www.sobrightandbold.com\/blog\/","url":"https:\/\/www.sobrightandbold.com\/blog\/","name":"Blog - So Bright And Bold","isPartOf":{"@id":"https:\/\/www.sobrightandbold.com\/#website"},"datePublished":"2022-08-26T15:53:34+00:00","dateModified":"2023-01-30T14:58:30+00:00","breadcrumb":{"@id":"https:\/\/www.sobrightandbold.com\/blog\/#breadcrumb"},"inLanguage":"en-GB","potentialAction":[{"@type":"ReadAction","target":["https:\/\/www.sobrightandbold.com\/blog\/"]}]},{"@type":"BreadcrumbList","@id":"https:\/\/www.sobrightandbold.com\/blog\/#breadcrumb","itemListElement":[{"@type":"ListItem","position":1,"name":"Home","item":"https:\/\/www.sobrightandbold.com\/"},{"@type":"ListItem","position":2,"name":"Blog"}]},{"@type":"WebSite","@id":"https:\/\/www.sobrightandbold.com\/#website","url":"https:\/\/www.sobrightandbold.com\/","name":"So Bright And Bold","description":"SB&amp;B parle votre langage \/ nous parlons votre langage","publisher":{"@id":"https:\/\/www.sobrightandbold.com\/#organization"},"potentialAction":[{"@type":"SearchAction","target":{"@type":"EntryPoint","urlTemplate":"https:\/\/www.sobrightandbold.com\/?s={search_term_string}"},"query-input":{"@type":"PropertyValueSpecification","valueRequired":true,"valueName":"search_term_string"}}],"inLanguage":"en-GB"},{"@type":"Organization","@id":"https:\/\/www.sobrightandbold.com\/#organization","name":"So Bright And Bold","url":"https:\/\/www.sobrightandbold.com\/","logo":{"@type":"ImageObject","inLanguage":"en-GB","@id":"https:\/\/www.sobrightandbold.com\/#\/schema\/logo\/image\/","url":"https:\/\/www.sobrightandbold.com\/wp-content\/uploads\/2022\/08\/SBB_Logo_1400x1155_Blanc_Couleur.png","contentUrl":"https:\/\/www.sobrightandbold.com\/wp-content\/uploads\/2022\/08\/SBB_Logo_1400x1155_Blanc_Couleur.png","width":1400,"height":1155,"caption":"So Bright And Bold"},"image":{"@id":"https:\/\/www.sobrightandbold.com\/#\/schema\/logo\/image\/"}}]}},"_links":{"self":[{"href":"https:\/\/www.sobrightandbold.com\/en\/wp-json\/wp\/v2\/pages\/1170","targetHints":{"allow":["GET"]}}],"collection":[{"href":"https:\/\/www.sobrightandbold.com\/en\/wp-json\/wp\/v2\/pages"}],"about":[{"href":"https:\/\/www.sobrightandbold.com\/en\/wp-json\/wp\/v2\/types\/page"}],"author":[{"embeddable":true,"href":"https:\/\/www.sobrightandbold.com\/en\/wp-json\/wp\/v2\/users\/1"}],"replies":[{"embeddable":true,"href":"https:\/\/www.sobrightandbold.com\/en\/wp-json\/wp\/v2\/comments?post=1170"}],"version-history":[{"count":13,"href":"https:\/\/www.sobrightandbold.com\/en\/wp-json\/wp\/v2\/pages\/1170\/revisions"}],"predecessor-version":[{"id":1249,"href":"https:\/\/www.sobrightandbold.com\/en\/wp-json\/wp\/v2\/pages\/1170\/revisions\/1249"}],"wp:attachment":[{"href":"https:\/\/www.sobrightandbold.com\/en\/wp-json\/wp\/v2\/media?parent=1170"}],"curies":[{"name":"wp","href":"https:\/\/api.w.org\/{rel}","templated":true}]}}